{"id":289,"date":"2023-12-05T14:52:47","date_gmt":"2023-12-05T14:52:47","guid":{"rendered":"https:\/\/qrproducts.co\/?page_id=289"},"modified":"2023-12-05T14:52:47","modified_gmt":"2023-12-05T14:52:47","slug":"servicio-de-valvulas-e-inyeccion-de-agua-mas-mandril-de-inyeccion","status":"publish","type":"page","link":"https:\/\/qroilproducts.com\/index.php\/herramientas-y-productos\/servicio-de-valvulas-e-inyeccion-de-agua-mas-mandril-de-inyeccion\/","title":{"rendered":"SERVICIO DE V\u00c1LVULAS E INYECCI\u00d3N DE AGUA M\u00c1S MANDRIL DE INYECCI\u00d3N"},"content":{"rendered":"","protected":false},"excerpt":{"rendered":"","protected":false},"author":1,"featured_media":0,"parent":74,"menu_order":0,"comment_status":"closed","ping_status":"closed","template":"elementor_canvas","meta":{"footnotes":""},"class_list":["post-289","page","type-page","status-publish","hentry"],"_links":{"self":[{"href":"https:\/\/qroilproducts.com\/index.php\/wp-json\/wp\/v2\/pages\/289","targetHints":{"allow":["GET"]}}],"collection":[{"href":"https:\/\/qroilproducts.com\/index.php\/wp-json\/wp\/v2\/pages"}],"about":[{"href":"https:\/\/qroilproducts.com\/index.php\/wp-json\/wp\/v2\/types\/page"}],"author":[{"embeddable":true,"href":"https:\/\/qroilproducts.com\/index.php\/wp-json\/wp\/v2\/users\/1"}],"replies":[{"embeddable":true,"href":"https:\/\/qroilproducts.com\/index.php\/wp-json\/wp\/v2\/comments?post=289"}],"version-history":[{"count":1,"href":"https:\/\/qroilproducts.com\/index.php\/wp-json\/wp\/v2\/pages\/289\/revisions"}],"predecessor-version":[{"id":292,"href":"https:\/\/qroilproducts.com\/index.php\/wp-json\/wp\/v2\/pages\/289\/revisions\/292"}],"up":[{"embeddable":true,"href":"https:\/\/qroilproducts.com\/index.php\/wp-json\/wp\/v2\/pages\/74"}],"wp:attachment":[{"href":"https:\/\/qroilproducts.com\/index.php\/wp-json\/wp\/v2\/media?parent=289"}],"curies":[{"name":"wp","href":"https:\/\/api.w.org\/{rel}","templated":true}]}}