{"id":460,"date":"2024-08-22T13:53:06","date_gmt":"2024-08-22T13:53:06","guid":{"rendered":"https:\/\/qrproducts.co\/?page_id=460"},"modified":"2024-08-22T14:05:34","modified_gmt":"2024-08-22T14:05:34","slug":"politica-de-tratamiento-de-la-informacion","status":"publish","type":"page","link":"https:\/\/qroilproducts.com\/index.php\/politica-de-tratamiento-de-la-informacion\/","title":{"rendered":"POL\u00cdTICA DE TRATAMIENTO DE LA INFORMACI\u00d3N"},"content":{"rendered":"\t\t<div data-elementor-type=\"wp-page\" data-elementor-id=\"460\" class=\"elementor elementor-460\" data-elementor-post-type=\"page\">\n\t\t\t\t<div class=\"elementor-element elementor-element-881928f e-flex e-con-boxed e-con e-parent\" data-id=\"881928f\" data-element_type=\"container\" data-e-type=\"container\">\n\t\t\t\t\t<div class=\"e-con-inner\">\n\t\t\t\t<div class=\"elementor-element elementor-element-8b81f4a elementor-widget elementor-widget-heading\" data-id=\"8b81f4a\" data-element_type=\"widget\" data-e-type=\"widget\" data-widget_type=\"heading.default\">\n\t\t\t\t<div class=\"elementor-widget-container\">\n\t\t\t\t\t<h2 class=\"elementor-heading-title elementor-size-default\">POL\u00cdTICA DE TRATAMIENTO DE LA\nINFORMACI\u00d3N <\/h2>\t\t\t\t<\/div>\n\t\t\t\t<\/div>\n\t\t\t\t<div class=\"elementor-element elementor-element-ae41736 elementor-widget-divider--view-line elementor-widget elementor-widget-divider\" data-id=\"ae41736\" data-element_type=\"widget\" data-e-type=\"widget\" data-widget_type=\"divider.default\">\n\t\t\t\t<div class=\"elementor-widget-container\">\n\t\t\t\t\t\t\t<div class=\"elementor-divider\">\n\t\t\t<span class=\"elementor-divider-separator\">\n\t\t\t\t\t\t<\/span>\n\t\t<\/div>\n\t\t\t\t\t\t<\/div>\n\t\t\t\t<\/div>\n\t\t\t\t<div class=\"elementor-element elementor-element-6c51a36 elementor-widget elementor-widget-html\" data-id=\"6c51a36\" data-element_type=\"widget\" data-e-type=\"widget\" data-widget_type=\"html.default\">\n\t\t\t\t<div class=\"elementor-widget-container\">\n\t\t\t\t\t<!DOCTYPE html>\r\n<html lang=\"es\">\r\n<head>\r\n    <meta charset=\"UTF-8\">\r\n    <meta name=\"viewport\" content=\"width=device-width, initial-scale=1.0\">\r\n    <title>Embed PDF<\/title>\r\n    <style>\r\n        iframe {\r\n            width: 100%;\r\n            height: 100vh;\r\n            border: none;\r\n        }\r\n    <\/style>\r\n<\/head>\r\n<body>\r\n\r\n    <iframe src=\"http:\/\/qrproducts.co\/wp-content\/uploads\/2024\/08\/FOR-ADMIN-No.-002-POLITICA-DE-TRATAMIENTO-DE-LA-INFORMACION-QR-PRODUCTS.pdf\" frameborder=\"0\">\r\n        Este navegador no soporta iframes. \r\n        Puedes descargar el PDF <a href=\"http:\/\/qrproducts.co\/wp-content\/uploads\/2024\/08\/FOR-ADMIN-No.-002-POLITICA-DE-TRATAMIENTO-DE-LA-INFORMACION-QR-PRODUCTS.pdf\">aqu\u00ed<\/a>.\r\n    <\/iframe>\r\n\r\n<\/body>\r\n<\/html>\r\n\t\t\t\t<\/div>\n\t\t\t\t<\/div>\n\t\t<div class=\"elementor-element elementor-element-8eba890 e-con-full e-flex e-con e-child\" data-id=\"8eba890\" data-element_type=\"container\" data-e-type=\"container\">\n\t\t\t\t<div class=\"elementor-element elementor-element-dc3edc0 elementor-widget elementor-widget-image\" data-id=\"dc3edc0\" data-element_type=\"widget\" data-e-type=\"widget\" data-widget_type=\"image.default\">\n\t\t\t\t<div class=\"elementor-widget-container\">\n\t\t\t\t\t\t\t\t\t\t\t\t\t\t\t<img decoding=\"async\" src=\"http:\/\/qrproducts.co\/wp-content\/uploads\/2024\/08\/FOR-ADMIN-No.-002-POLITICA-DE-TRATAMIENTO-DE-LA-INFORMACION-QR-PRODUCTS.pdf\" title=\"\" alt=\"\" loading=\"lazy\" \/>\t\t\t\t\t\t\t\t\t\t\t\t\t\t\t<\/div>\n\t\t\t\t<\/div>\n\t\t\t\t<\/div>\n\t\t\t\t\t<\/div>\n\t\t\t\t<\/div>\n\t\t\t\t<\/div>\n\t\t","protected":false},"excerpt":{"rendered":"<p>POL\u00cdTICA DE TRATAMIENTO DE LA INFORMACI\u00d3N Embed PDF Este navegador no soporta iframes. Puedes descargar el PDF aqu\u00ed.<\/p>\n","protected":false},"author":1,"featured_media":0,"parent":0,"menu_order":0,"comment_status":"closed","ping_status":"closed","template":"elementor_header_footer","meta":{"footnotes":""},"class_list":["post-460","page","type-page","status-publish","hentry"],"_links":{"self":[{"href":"https:\/\/qroilproducts.com\/index.php\/wp-json\/wp\/v2\/pages\/460","targetHints":{"allow":["GET"]}}],"collection":[{"href":"https:\/\/qroilproducts.com\/index.php\/wp-json\/wp\/v2\/pages"}],"about":[{"href":"https:\/\/qroilproducts.com\/index.php\/wp-json\/wp\/v2\/types\/page"}],"author":[{"embeddable":true,"href":"https:\/\/qroilproducts.com\/index.php\/wp-json\/wp\/v2\/users\/1"}],"replies":[{"embeddable":true,"href":"https:\/\/qroilproducts.com\/index.php\/wp-json\/wp\/v2\/comments?post=460"}],"version-history":[{"count":19,"href":"https:\/\/qroilproducts.com\/index.php\/wp-json\/wp\/v2\/pages\/460\/revisions"}],"predecessor-version":[{"id":489,"href":"https:\/\/qroilproducts.com\/index.php\/wp-json\/wp\/v2\/pages\/460\/revisions\/489"}],"wp:attachment":[{"href":"https:\/\/qroilproducts.com\/index.php\/wp-json\/wp\/v2\/media?parent=460"}],"curies":[{"name":"wp","href":"https:\/\/api.w.org\/{rel}","templated":true}]}}